{"id":2,"date":"2025-04-16T14:27:52","date_gmt":"2025-04-16T14:27:52","guid":{"rendered":"https:\/\/talleresmenchon.rkinformatika.online\/?page_id=2"},"modified":"2025-05-05T16:16:07","modified_gmt":"2025-05-05T16:16:07","slug":"inicio","status":"publish","type":"page","link":"https:\/\/talleresmenchon.com\/en\/","title":{"rendered":"Home"},"content":{"rendered":"\t\t<div data-elementor-type=\"wp-page\" data-elementor-id=\"2\" class=\"elementor elementor-2\" data-elementor-post-type=\"page\">\n\t\t\t\t<div class=\"elementor-element elementor-element-b94213e e-con-full e-flex elementor-invisible e-con e-parent\" data-id=\"b94213e\" data-element_type=\"container\" data-e-type=\"container\" data-settings=\"{&quot;background_background&quot;:&quot;classic&quot;,&quot;background_motion_fx_motion_fx_scrolling&quot;:&quot;yes&quot;,&quot;animation&quot;:&quot;fadeIn&quot;,&quot;background_motion_fx_devices&quot;:[&quot;desktop&quot;,&quot;tablet&quot;,&quot;mobile&quot;]}\">\n\t\t\t\t<div class=\"elementor-element elementor-element-adb15f7 animated-slow elementor-widget__width-initial elementor-invisible elementor-widget elementor-widget-heading\" data-id=\"adb15f7\" data-element_type=\"widget\" data-e-type=\"widget\" data-settings=\"{&quot;_animation&quot;:&quot;fadeInDown&quot;}\" data-widget_type=\"heading.default\">\n\t\t\t\t<div class=\"elementor-widget-container\">\n\t\t\t\t\t<h2 class=\"elementor-heading-title elementor-size-default\">\u00bfPROBLEMAS CON TU COCHE? VEN A TALLERES MENCH\u00d3N<\/h2>\t\t\t\t<\/div>\n\t\t\t\t<\/div>\n\t\t\t\t<div class=\"elementor-element elementor-element-eeeb4b6 animated-slow elementor-widget__width-initial elementor-invisible elementor-widget elementor-widget-heading\" data-id=\"eeeb4b6\" data-element_type=\"widget\" data-e-type=\"widget\" data-settings=\"{&quot;_animation&quot;:&quot;fadeInUp&quot;}\" data-widget_type=\"heading.default\">\n\t\t\t\t<div class=\"elementor-widget-container\">\n\t\t\t\t\t<h2 class=\"elementor-heading-title elementor-size-default\">\u00a1Tu mec\u00e1nico de confianza!<\/h2>\t\t\t\t<\/div>\n\t\t\t\t<\/div>\n\t\t\t\t<div class=\"elementor-element elementor-element-800b02b elementor-align-center animated-slow elementor-invisible elementor-widget elementor-widget-button\" data-id=\"800b02b\" data-element_type=\"widget\" data-e-type=\"widget\" data-settings=\"{&quot;_animation&quot;:&quot;fadeInLeft&quot;}\" data-widget_type=\"button.default\">\n\t\t\t\t<div class=\"elementor-widget-container\">\n\t\t\t\t\t\t\t\t\t<div class=\"elementor-button-wrapper\">\n\t\t\t\t\t<a class=\"elementor-button elementor-button-link elementor-size-sm\" href=\"tel:%20667%20505%20633\">\n\t\t\t\t\t\t<span class=\"elementor-button-content-wrapper\">\n\t\t\t\t\t\t\t\t\t<span class=\"elementor-button-text\">LL\u00c1MANOS<\/span>\n\t\t\t\t\t<\/span>\n\t\t\t\t\t<\/a>\n\t\t\t\t<\/div>\n\t\t\t\t\t\t\t\t<\/div>\n\t\t\t\t<\/div>\n\t\t\t\t<\/div>\n\t\t<div class=\"elementor-element elementor-element-e713351 e-flex e-con-boxed e-con e-parent\" data-id=\"e713351\" data-element_type=\"container\" data-e-type=\"container\">\n\t\t\t\t\t<div class=\"e-con-inner\">\n\t\t<div class=\"elementor-element elementor-element-73eeb34 e-con-full e-flex elementor-invisible e-con e-child\" data-id=\"73eeb34\" data-element_type=\"container\" data-e-type=\"container\" data-settings=\"{&quot;animation&quot;:&quot;fadeInLeft&quot;}\">\n\t\t<div class=\"elementor-element elementor-element-9398eea e-con-full e-flex e-con e-child\" data-id=\"9398eea\" data-element_type=\"container\" data-e-type=\"container\">\n\t\t\t\t<div class=\"elementor-element elementor-element-b2f35cb elementor-widget elementor-widget-heading\" data-id=\"b2f35cb\" data-element_type=\"widget\" data-e-type=\"widget\" data-widget_type=\"heading.default\">\n\t\t\t\t<div class=\"elementor-widget-container\">\n\t\t\t\t\t<h2 class=\"elementor-heading-title elementor-size-default\">Nosotros<\/h2>\t\t\t\t<\/div>\n\t\t\t\t<\/div>\n\t\t\t\t<div class=\"elementor-element elementor-element-b0f31f2 elementor-widget-mobile__width-initial elementor-widget elementor-widget-text-editor\" data-id=\"b0f31f2\" data-element_type=\"widget\" data-e-type=\"widget\" data-widget_type=\"text-editor.default\">\n\t\t\t\t<div class=\"elementor-widget-container\">\n\t\t\t\t\t\t\t\t\t<p class=\"\" data-start=\"133\" data-end=\"602\">Con m\u00e1s de 25 a\u00f1os de experiencia, ofrecemos un servicio integral de chapa, pintura y mec\u00e1nica, siendo un referente para quienes buscan calidad, eficiencia y atenci\u00f3n personalizada en el cuidado de su veh\u00edculo. Lo que comenz\u00f3 como un taller especializado en chapa y pintura ha evolucionado hasta cubrir todas las necesidades mec\u00e1nicas, el\u00e9ctricas y de mantenimiento, siempre respaldados por la confianza de nuestros clientes y la garant\u00eda que aporta la experiencia.<\/p><p class=\"\" data-start=\"604\" data-end=\"880\">Contamos con un equipo profesional comprometido con cada detalle, desde los acabados est\u00e9ticos hasta la reparaci\u00f3n de aver\u00edas complejas. Trabajamos con materiales de primera calidad y tecnolog\u00eda actualizada para asegurar resultados duraderos, cuidando tu coche como se merece.<\/p>\t\t\t\t\t\t\t\t<\/div>\n\t\t\t\t<\/div>\n\t\t\t\t<\/div>\n\t\t\t\t<\/div>\n\t\t<div class=\"elementor-element elementor-element-b9a97c5 e-con-full e-flex elementor-invisible e-con e-child\" data-id=\"b9a97c5\" data-element_type=\"container\" data-e-type=\"container\" data-settings=\"{&quot;animation&quot;:&quot;fadeInRight&quot;}\">\n\t\t\t\t<div class=\"elementor-element elementor-element-acac0c2 elementor-widget elementor-widget-image\" data-id=\"acac0c2\" data-element_type=\"widget\" data-e-type=\"widget\" data-widget_type=\"image.default\">\n\t\t\t\t<div class=\"elementor-widget-container\">\n\t\t\t\t\t\t\t\t\t\t\t\t\t\t\t<img fetchpriority=\"high\" decoding=\"async\" width=\"2048\" height=\"1536\" src=\"https:\/\/talleresmenchon.com\/wp-content\/uploads\/2025\/05\/WhatsApp-Image-2025-05-05-at-17.53.37.jpeg\" class=\"attachment-full size-full wp-image-711\" alt=\"\" srcset=\"https:\/\/talleresmenchon.com\/wp-content\/uploads\/2025\/05\/WhatsApp-Image-2025-05-05-at-17.53.37.jpeg 2048w, https:\/\/talleresmenchon.com\/wp-content\/uploads\/2025\/05\/WhatsApp-Image-2025-05-05-at-17.53.37-300x225.jpeg 300w, https:\/\/talleresmenchon.com\/wp-content\/uploads\/2025\/05\/WhatsApp-Image-2025-05-05-at-17.53.37-1024x768.jpeg 1024w, https:\/\/talleresmenchon.com\/wp-content\/uploads\/2025\/05\/WhatsApp-Image-2025-05-05-at-17.53.37-768x576.jpeg 768w, https:\/\/talleresmenchon.com\/wp-content\/uploads\/2025\/05\/WhatsApp-Image-2025-05-05-at-17.53.37-1536x1152.jpeg 1536w, https:\/\/talleresmenchon.com\/wp-content\/uploads\/2025\/05\/WhatsApp-Image-2025-05-05-at-17.53.37-16x12.jpeg 16w\" sizes=\"(max-width: 2048px) 100vw, 2048px\" \/>\t\t\t\t\t\t\t\t\t\t\t\t\t\t\t<\/div>\n\t\t\t\t<\/div>\n\t\t\t\t<\/div>\n\t\t\t\t\t<\/div>\n\t\t\t\t<\/div>\n\t\t<div class=\"elementor-element elementor-element-5ea51fa e-flex e-con-boxed e-con e-parent\" data-id=\"5ea51fa\" data-element_type=\"container\" data-e-type=\"container\" data-settings=\"{&quot;background_background&quot;:&quot;classic&quot;}\">\n\t\t\t\t\t<div class=\"e-con-inner\">\n\t\t\t\t<div class=\"elementor-element elementor-element-df5d633 animated-slow elementor-widget__width-initial elementor-widget-tablet__width-initial elementor-invisible elementor-widget elementor-widget-heading\" data-id=\"df5d633\" data-element_type=\"widget\" data-e-type=\"widget\" data-settings=\"{&quot;_animation&quot;:&quot;fadeInDown&quot;}\" data-widget_type=\"heading.default\">\n\t\t\t\t<div class=\"elementor-widget-container\">\n\t\t\t\t\t<h2 class=\"elementor-heading-title elementor-size-default\">\nCONSULTA AQU\u00cd TODO LO QUE PODEMOS HACER POR TU COCHE<\/h2>\t\t\t\t<\/div>\n\t\t\t\t<\/div>\n\t\t\t\t<div class=\"elementor-element elementor-element-45110d8 elementor-align-center animated-slow elementor-invisible elementor-widget elementor-widget-button\" data-id=\"45110d8\" data-element_type=\"widget\" data-e-type=\"widget\" data-settings=\"{&quot;_animation&quot;:&quot;fadeInUp&quot;}\" data-widget_type=\"button.default\">\n\t\t\t\t<div class=\"elementor-widget-container\">\n\t\t\t\t\t\t\t\t\t<div class=\"elementor-button-wrapper\">\n\t\t\t\t\t<a class=\"elementor-button elementor-button-link elementor-size-sm\" href=\"https:\/\/talleresmenchon.com\/servicio\/\">\n\t\t\t\t\t\t<span class=\"elementor-button-content-wrapper\">\n\t\t\t\t\t\t\t\t\t<span class=\"elementor-button-text\">VER SERVICIOS<\/span>\n\t\t\t\t\t<\/span>\n\t\t\t\t\t<\/a>\n\t\t\t\t<\/div>\n\t\t\t\t\t\t\t\t<\/div>\n\t\t\t\t<\/div>\n\t\t\t\t\t<\/div>\n\t\t\t\t<\/div>\n\t\t\t\t<\/div>\n\t\t","protected":false},"excerpt":{"rendered":"<p>\u00bfPROBLEMAS CON TU COCHE? VEN A TALLERES MENCH\u00d3N \u00a1Tu mec\u00e1nico de confianza! LL\u00c1MANOS Nosotros Con m\u00e1s de 25 a\u00f1os de experiencia, ofrecemos un servicio integral de chapa, pintura y mec\u00e1nica, siendo un referente para quienes buscan calidad, eficiencia y atenci\u00f3n personalizada en el cuidado de su veh\u00edculo. Lo que comenz\u00f3 como un taller especializado en [&hellip;]<\/p>\n","protected":false},"author":1,"featured_media":0,"parent":0,"menu_order":0,"comment_status":"closed","ping_status":"closed","template":"elementor_canvas","meta":{"footnotes":""},"class_list":["post-2","page","type-page","status-publish","hentry"],"yoast_head":"<!-- This site is optimized with the Yoast SEO plugin v27.5 - https:\/\/yoast.com\/product\/yoast-seo-wordpress\/ -->\n<title>Inicio - Talleres Menchon<\/title>\n<meta name=\"robots\" content=\"index, follow, max-snippet:-1, max-image-preview:large, max-video-preview:-1\" \/>\n<link rel=\"canonical\" href=\"https:\/\/talleresmenchon.com\/en\/\" \/>\n<meta property=\"og:locale\" content=\"en_US\" \/>\n<meta property=\"og:type\" content=\"article\" \/>\n<meta property=\"og:title\" content=\"Inicio - Talleres Menchon\" \/>\n<meta property=\"og:description\" content=\"\u00bfPROBLEMAS CON TU COCHE? VEN A TALLERES MENCH\u00d3N \u00a1Tu mec\u00e1nico de confianza! LL\u00c1MANOS Nosotros Con m\u00e1s de 25 a\u00f1os de experiencia, ofrecemos un servicio integral de chapa, pintura y mec\u00e1nica, siendo un referente para quienes buscan calidad, eficiencia y atenci\u00f3n personalizada en el cuidado de su veh\u00edculo. Lo que comenz\u00f3 como un taller especializado en [&hellip;]\" \/>\n<meta property=\"og:url\" content=\"https:\/\/talleresmenchon.com\/en\/\" \/>\n<meta property=\"og:site_name\" content=\"Talleres Menchon\" \/>\n<meta property=\"article:modified_time\" content=\"2025-05-05T16:16:07+00:00\" \/>\n<meta property=\"og:image\" content=\"https:\/\/talleresmenchon.com\/wp-content\/uploads\/2025\/05\/WhatsApp-Image-2025-05-05-at-17.53.37.jpeg\" \/>\n<meta name=\"twitter:card\" content=\"summary_large_image\" \/>\n<meta name=\"twitter:label1\" content=\"Est. reading time\" \/>\n\t<meta name=\"twitter:data1\" content=\"1 minute\" \/>\n<script type=\"application\/ld+json\" class=\"yoast-schema-graph\">{\"@context\":\"https:\\\/\\\/schema.org\",\"@graph\":[{\"@type\":\"WebPage\",\"@id\":\"https:\\\/\\\/talleresmenchon.com\\\/\",\"url\":\"https:\\\/\\\/talleresmenchon.com\\\/\",\"name\":\"Inicio - Talleres Menchon\",\"isPartOf\":{\"@id\":\"https:\\\/\\\/talleresmenchon.com\\\/#website\"},\"primaryImageOfPage\":{\"@id\":\"https:\\\/\\\/talleresmenchon.com\\\/#primaryimage\"},\"image\":{\"@id\":\"https:\\\/\\\/talleresmenchon.com\\\/#primaryimage\"},\"thumbnailUrl\":\"https:\\\/\\\/talleresmenchon.com\\\/wp-content\\\/uploads\\\/2025\\\/05\\\/WhatsApp-Image-2025-05-05-at-17.53.37.jpeg\",\"datePublished\":\"2025-04-16T14:27:52+00:00\",\"dateModified\":\"2025-05-05T16:16:07+00:00\",\"breadcrumb\":{\"@id\":\"https:\\\/\\\/talleresmenchon.com\\\/#breadcrumb\"},\"inLanguage\":\"en-US\",\"potentialAction\":[{\"@type\":\"ReadAction\",\"target\":[\"https:\\\/\\\/talleresmenchon.com\\\/\"]}]},{\"@type\":\"ImageObject\",\"inLanguage\":\"en-US\",\"@id\":\"https:\\\/\\\/talleresmenchon.com\\\/#primaryimage\",\"url\":\"https:\\\/\\\/talleresmenchon.com\\\/wp-content\\\/uploads\\\/2025\\\/05\\\/WhatsApp-Image-2025-05-05-at-17.53.37.jpeg\",\"contentUrl\":\"https:\\\/\\\/talleresmenchon.com\\\/wp-content\\\/uploads\\\/2025\\\/05\\\/WhatsApp-Image-2025-05-05-at-17.53.37.jpeg\"},{\"@type\":\"BreadcrumbList\",\"@id\":\"https:\\\/\\\/talleresmenchon.com\\\/#breadcrumb\",\"itemListElement\":[{\"@type\":\"ListItem\",\"position\":1,\"name\":\"Portada\",\"item\":\"https:\\\/\\\/talleresmenchon.com\\\/\"},{\"@type\":\"ListItem\",\"position\":2,\"name\":\"Inicio\"}]},{\"@type\":\"WebSite\",\"@id\":\"https:\\\/\\\/talleresmenchon.com\\\/#website\",\"url\":\"https:\\\/\\\/talleresmenchon.com\\\/\",\"name\":\"Talleres Menchon\",\"description\":\"Taller dedicado a chapa y pintura con m\u00e1s de 25 a\u00f1os de experiencia en el sector\",\"publisher\":{\"@id\":\"https:\\\/\\\/talleresmenchon.com\\\/#organization\"},\"potentialAction\":[{\"@type\":\"SearchAction\",\"target\":{\"@type\":\"EntryPoint\",\"urlTemplate\":\"https:\\\/\\\/talleresmenchon.com\\\/?s={search_term_string}\"},\"query-input\":{\"@type\":\"PropertyValueSpecification\",\"valueRequired\":true,\"valueName\":\"search_term_string\"}}],\"inLanguage\":\"en-US\"},{\"@type\":\"Organization\",\"@id\":\"https:\\\/\\\/talleresmenchon.com\\\/#organization\",\"name\":\"Talleres Menchon\",\"url\":\"https:\\\/\\\/talleresmenchon.com\\\/\",\"logo\":{\"@type\":\"ImageObject\",\"inLanguage\":\"en-US\",\"@id\":\"https:\\\/\\\/talleresmenchon.com\\\/#\\\/schema\\\/logo\\\/image\\\/\",\"url\":\"https:\\\/\\\/talleresmenchon.com\\\/wp-content\\\/uploads\\\/2025\\\/04\\\/cropped-ChatGPT-Image-16-de-abr.-de-2025-17_05_24.png\",\"contentUrl\":\"https:\\\/\\\/talleresmenchon.com\\\/wp-content\\\/uploads\\\/2025\\\/04\\\/cropped-ChatGPT-Image-16-de-abr.-de-2025-17_05_24.png\",\"width\":1024,\"height\":769,\"caption\":\"Talleres Menchon\"},\"image\":{\"@id\":\"https:\\\/\\\/talleresmenchon.com\\\/#\\\/schema\\\/logo\\\/image\\\/\"}}]}<\/script>\n<!-- \/ Yoast SEO plugin. -->","yoast_head_json":{"title":"Inicio - Talleres Menchon","robots":{"index":"index","follow":"follow","max-snippet":"max-snippet:-1","max-image-preview":"max-image-preview:large","max-video-preview":"max-video-preview:-1"},"canonical":"https:\/\/talleresmenchon.com\/en\/","og_locale":"en_US","og_type":"article","og_title":"Inicio - Talleres Menchon","og_description":"\u00bfPROBLEMAS CON TU COCHE? VEN A TALLERES MENCH\u00d3N \u00a1Tu mec\u00e1nico de confianza! LL\u00c1MANOS Nosotros Con m\u00e1s de 25 a\u00f1os de experiencia, ofrecemos un servicio integral de chapa, pintura y mec\u00e1nica, siendo un referente para quienes buscan calidad, eficiencia y atenci\u00f3n personalizada en el cuidado de su veh\u00edculo. Lo que comenz\u00f3 como un taller especializado en [&hellip;]","og_url":"https:\/\/talleresmenchon.com\/en\/","og_site_name":"Talleres Menchon","article_modified_time":"2025-05-05T16:16:07+00:00","og_image":[{"url":"https:\/\/talleresmenchon.com\/wp-content\/uploads\/2025\/05\/WhatsApp-Image-2025-05-05-at-17.53.37.jpeg","type":"","width":"","height":""}],"twitter_card":"summary_large_image","twitter_misc":{"Est. reading time":"1 minute"},"schema":{"@context":"https:\/\/schema.org","@graph":[{"@type":"WebPage","@id":"https:\/\/talleresmenchon.com\/","url":"https:\/\/talleresmenchon.com\/","name":"Inicio - Talleres Menchon","isPartOf":{"@id":"https:\/\/talleresmenchon.com\/#website"},"primaryImageOfPage":{"@id":"https:\/\/talleresmenchon.com\/#primaryimage"},"image":{"@id":"https:\/\/talleresmenchon.com\/#primaryimage"},"thumbnailUrl":"https:\/\/talleresmenchon.com\/wp-content\/uploads\/2025\/05\/WhatsApp-Image-2025-05-05-at-17.53.37.jpeg","datePublished":"2025-04-16T14:27:52+00:00","dateModified":"2025-05-05T16:16:07+00:00","breadcrumb":{"@id":"https:\/\/talleresmenchon.com\/#breadcrumb"},"inLanguage":"en-US","potentialAction":[{"@type":"ReadAction","target":["https:\/\/talleresmenchon.com\/"]}]},{"@type":"ImageObject","inLanguage":"en-US","@id":"https:\/\/talleresmenchon.com\/#primaryimage","url":"https:\/\/talleresmenchon.com\/wp-content\/uploads\/2025\/05\/WhatsApp-Image-2025-05-05-at-17.53.37.jpeg","contentUrl":"https:\/\/talleresmenchon.com\/wp-content\/uploads\/2025\/05\/WhatsApp-Image-2025-05-05-at-17.53.37.jpeg"},{"@type":"BreadcrumbList","@id":"https:\/\/talleresmenchon.com\/#breadcrumb","itemListElement":[{"@type":"ListItem","position":1,"name":"Portada","item":"https:\/\/talleresmenchon.com\/"},{"@type":"ListItem","position":2,"name":"Inicio"}]},{"@type":"WebSite","@id":"https:\/\/talleresmenchon.com\/#website","url":"https:\/\/talleresmenchon.com\/","name":"Talleres Menchon","description":"Taller dedicado a chapa y pintura con m\u00e1s de 25 a\u00f1os de experiencia en el sector","publisher":{"@id":"https:\/\/talleresmenchon.com\/#organization"},"potentialAction":[{"@type":"SearchAction","target":{"@type":"EntryPoint","urlTemplate":"https:\/\/talleresmenchon.com\/?s={search_term_string}"},"query-input":{"@type":"PropertyValueSpecification","valueRequired":true,"valueName":"search_term_string"}}],"inLanguage":"en-US"},{"@type":"Organization","@id":"https:\/\/talleresmenchon.com\/#organization","name":"Talleres Menchon","url":"https:\/\/talleresmenchon.com\/","logo":{"@type":"ImageObject","inLanguage":"en-US","@id":"https:\/\/talleresmenchon.com\/#\/schema\/logo\/image\/","url":"https:\/\/talleresmenchon.com\/wp-content\/uploads\/2025\/04\/cropped-ChatGPT-Image-16-de-abr.-de-2025-17_05_24.png","contentUrl":"https:\/\/talleresmenchon.com\/wp-content\/uploads\/2025\/04\/cropped-ChatGPT-Image-16-de-abr.-de-2025-17_05_24.png","width":1024,"height":769,"caption":"Talleres Menchon"},"image":{"@id":"https:\/\/talleresmenchon.com\/#\/schema\/logo\/image\/"}}]}},"_links":{"self":[{"href":"https:\/\/talleresmenchon.com\/en\/wp-json\/wp\/v2\/pages\/2","targetHints":{"allow":["GET"]}}],"collection":[{"href":"https:\/\/talleresmenchon.com\/en\/wp-json\/wp\/v2\/pages"}],"about":[{"href":"https:\/\/talleresmenchon.com\/en\/wp-json\/wp\/v2\/types\/page"}],"author":[{"embeddable":true,"href":"https:\/\/talleresmenchon.com\/en\/wp-json\/wp\/v2\/users\/1"}],"replies":[{"embeddable":true,"href":"https:\/\/talleresmenchon.com\/en\/wp-json\/wp\/v2\/comments?post=2"}],"version-history":[{"count":190,"href":"https:\/\/talleresmenchon.com\/en\/wp-json\/wp\/v2\/pages\/2\/revisions"}],"predecessor-version":[{"id":717,"href":"https:\/\/talleresmenchon.com\/en\/wp-json\/wp\/v2\/pages\/2\/revisions\/717"}],"wp:attachment":[{"href":"https:\/\/talleresmenchon.com\/en\/wp-json\/wp\/v2\/media?parent=2"}],"curies":[{"name":"wp","href":"https:\/\/api.w.org\/{rel}","templated":true}]}}